{"id":273,"date":"2024-08-14T17:43:24","date_gmt":"2024-08-14T15:43:24","guid":{"rendered":"https:\/\/przychodniaslezak.pl\/boronow\/?page_id=273"},"modified":"2024-09-29T12:24:07","modified_gmt":"2024-09-29T10:24:07","slug":"do-pobrania","status":"publish","type":"page","link":"https:\/\/przychodniaslezak.pl\/boronow\/do-pobrania\/","title":{"rendered":"Do Pobrania"},"content":{"rendered":"<h4 class=\"wp-block-heading\">Deklaracje POZ<\/h4><p>Osoby, kt\u00f3re pragn\u0105 zapisa\u0107 si\u0119 do: naszych lekarzy, piel\u0119gniarek \u015brodowiskowo \u2013 rodzinnych oraz&nbsp;po\u0142o\u017cnej, zobowi\u0105zani s\u0105&nbsp;do&nbsp;z\u0142o\u017cenia deklaracji. Linki do ich pobrania znajduj\u0105 si\u0119 poni\u017cej.<\/p><div class=\"wp-block-file\"><a id=\"wp-block-file--media-b4ea0386-5a00-4f8d-9a75-b4c1db9ff82d\" href=\"https:\/\/przychodniaslezak.pl\/boronow\/wp-content\/uploads\/sites\/2\/2024\/08\/Deklaracja-wyboru-lekarza-POZ-2.pdf\">Deklaracja-wyboru-lekarza-POZ <\/a><a href=\"https:\/\/przychodniaslezak.pl\/boronow\/wp-content\/uploads\/sites\/2\/2024\/08\/Deklaracja-wyboru-lekarza-POZ-2.pdf\" class=\"wp-block-file__button wp-element-button\" download aria-describedby=\"wp-block-file--media-b4ea0386-5a00-4f8d-9a75-b4c1db9ff82d\">Pobierz<\/a><\/div><div class=\"wp-block-file\"><a id=\"wp-block-file--media-0b6dce09-a134-4a14-8dba-c725893b6e43\" href=\"https:\/\/przychodniaslezak.pl\/boronow\/wp-content\/uploads\/sites\/2\/2024\/08\/Deklaracja-wyboru-pielegniarki-POZ.pdf\">Deklaracja-wyboru-pielegniarki-POZ<\/a><a href=\"https:\/\/przychodniaslezak.pl\/boronow\/wp-content\/uploads\/sites\/2\/2024\/08\/Deklaracja-wyboru-pielegniarki-POZ.pdf\" class=\"wp-block-file__button wp-element-button\" download aria-describedby=\"wp-block-file--media-0b6dce09-a134-4a14-8dba-c725893b6e43\">Pobierz<\/a><\/div><div class=\"wp-block-file\"><a id=\"wp-block-file--media-fa4cde50-b1ee-4110-8537-7cbc304b2c50\" href=\"https:\/\/przychodniaslezak.pl\/boronow\/wp-content\/uploads\/sites\/2\/2024\/08\/Deklaracja-wyboru-poloznej-POZ.pdf\">Deklaracja-wyboru-poloznej-POZ<\/a><a href=\"https:\/\/przychodniaslezak.pl\/boronow\/wp-content\/uploads\/sites\/2\/2024\/08\/Deklaracja-wyboru-poloznej-POZ.pdf\" class=\"wp-block-file__button wp-element-button\" download aria-describedby=\"wp-block-file--media-fa4cde50-b1ee-4110-8537-7cbc304b2c50\">Pobierz<\/a><\/div><h2 class=\"wp-block-heading\">Dokumenty Formalno-prawne<\/h2><div class=\"wp-block-file\"><a id=\"wp-block-file--media-2917d1e6-2619-4236-a8ea-a9be3d39fe68\" href=\"https:\/\/przychodniaslezak.pl\/boronow\/wp-content\/uploads\/sites\/2\/2024\/09\/Informacja-dokumentacja-medyczna.pdf\">Informacja dokumentacja medyczna<\/a><a href=\"https:\/\/przychodniaslezak.pl\/boronow\/wp-content\/uploads\/sites\/2\/2024\/09\/Informacja-dokumentacja-medyczna.pdf\" class=\"wp-block-file__button wp-element-button\" download aria-describedby=\"wp-block-file--media-2917d1e6-2619-4236-a8ea-a9be3d39fe68\">Pobierz<\/a><\/div><div class=\"wp-block-file\"><a id=\"wp-block-file--media-5e82d7aa-6573-4f41-a61d-fdc7f8d3157b\" href=\"https:\/\/przychodniaslezak.pl\/boronow\/wp-content\/uploads\/sites\/2\/2024\/09\/Informacja-nocna-i-owi\u2022teczna-opieka.pdf\">Informacja nocna i \u015bwi\u0105teczna opieka<\/a><a href=\"https:\/\/przychodniaslezak.pl\/boronow\/wp-content\/uploads\/sites\/2\/2024\/09\/Informacja-nocna-i-owi\u2022teczna-opieka.pdf\" class=\"wp-block-file__button wp-element-button\" download aria-describedby=\"wp-block-file--media-5e82d7aa-6573-4f41-a61d-fdc7f8d3157b\">Pobierz<\/a><\/div><div class=\"wp-block-file\"><a id=\"wp-block-file--media-a8f5543b-ad1b-4379-8d59-a288bbd05099\" href=\"https:\/\/przychodniaslezak.pl\/boronow\/wp-content\/uploads\/sites\/2\/2024\/09\/Informacja-RODO.pdf\">Informacja RODO<\/a><a href=\"https:\/\/przychodniaslezak.pl\/boronow\/wp-content\/uploads\/sites\/2\/2024\/09\/Informacja-RODO.pdf\" class=\"wp-block-file__button wp-element-button\" download aria-describedby=\"wp-block-file--media-a8f5543b-ad1b-4379-8d59-a288bbd05099\">Pobierz<\/a><\/div><div class=\"wp-block-file\"><a id=\"wp-block-file--media-d9811929-1df4-4cd1-b382-469374f91613\" href=\"https:\/\/przychodniaslezak.pl\/boronow\/wp-content\/uploads\/sites\/2\/2024\/09\/Informacja-Rodzaje-owiadcze\u2030.pdf\">Informacja Rodzaje \u015bwiadcze\u0144<\/a><a href=\"https:\/\/przychodniaslezak.pl\/boronow\/wp-content\/uploads\/sites\/2\/2024\/09\/Informacja-Rodzaje-owiadcze\u2030.pdf\" class=\"wp-block-file__button wp-element-button\" download aria-describedby=\"wp-block-file--media-d9811929-1df4-4cd1-b382-469374f91613\">Pobierz<\/a><\/div><div class=\"wp-block-file\"><a id=\"wp-block-file--media-6eda1ad7-e981-40fa-8c47-d2eecae209b5\" href=\"https:\/\/przychodniaslezak.pl\/boronow\/wp-content\/uploads\/sites\/2\/2024\/09\/Polityka-Jakooci.pdf\">Polityka Jako\u015bci<\/a><a href=\"https:\/\/przychodniaslezak.pl\/boronow\/wp-content\/uploads\/sites\/2\/2024\/09\/Polityka-Jakooci.pdf\" class=\"wp-block-file__button wp-element-button\" download aria-describedby=\"wp-block-file--media-6eda1ad7-e981-40fa-8c47-d2eecae209b5\">Pobierz<\/a><\/div><div class=\"wp-block-file\"><a id=\"wp-block-file--media-ebbb857f-bc6f-470c-8c79-89a19b261cfb\" href=\"https:\/\/przychodniaslezak.pl\/boronow\/wp-content\/uploads\/sites\/2\/2024\/09\/Polityka-Prywatnooci-1.pdf\">Polityka Prywatno\u015bci<\/a><a href=\"https:\/\/przychodniaslezak.pl\/boronow\/wp-content\/uploads\/sites\/2\/2024\/09\/Polityka-Prywatnooci-1.pdf\" class=\"wp-block-file__button wp-element-button\" download aria-describedby=\"wp-block-file--media-ebbb857f-bc6f-470c-8c79-89a19b261cfb\">Pobierz<\/a><\/div><div class=\"wp-block-file\"><a id=\"wp-block-file--media-e9e3061f-919e-4724-ac7c-6a9e08ae8dd4\" href=\"https:\/\/przychodniaslezak.pl\/boronow\/wp-content\/uploads\/sites\/2\/2024\/09\/STANDARDY-OCHRONY-MAuOLETNICH-W-PODMIOTACH-LECZNICZYCH.pdf\">STANDARDY OCHRONY MA\u0141OLETNICH W PODMIOTACH LECZNICZYCH<\/a><a href=\"https:\/\/przychodniaslezak.pl\/boronow\/wp-content\/uploads\/sites\/2\/2024\/09\/STANDARDY-OCHRONY-MAuOLETNICH-W-PODMIOTACH-LECZNICZYCH.pdf\" class=\"wp-block-file__button wp-element-button\" download aria-describedby=\"wp-block-file--media-e9e3061f-919e-4724-ac7c-6a9e08ae8dd4\">Pobierz<\/a><\/div><div class=\"wp-block-file\"><a id=\"wp-block-file--media-e701acf8-3a66-40e8-ab66-3ce1d0d4f123\" href=\"https:\/\/przychodniaslezak.pl\/boronow\/wp-content\/uploads\/sites\/2\/2024\/09\/Wyci\u2022g-Prawa-Pacjenta-.pdf\">Prawa Pacjenta<\/a><a href=\"https:\/\/przychodniaslezak.pl\/boronow\/wp-content\/uploads\/sites\/2\/2024\/09\/Wyci\u2022g-Prawa-Pacjenta-.pdf\" class=\"wp-block-file__button wp-element-button\" download aria-describedby=\"wp-block-file--media-e701acf8-3a66-40e8-ab66-3ce1d0d4f123\">Pobierz<\/a><\/div><div class=\"wp-block-file\"><a id=\"wp-block-file--media-3cfade36-3533-48c1-89db-be3624f56ffe\" href=\"https:\/\/przychodniaslezak.pl\/boronow\/wp-content\/uploads\/sites\/2\/2024\/09\/ZARZ\u00a7DZENIE-KIEROWNIKA-PODMIOTU-LECZNICZEGO.pdf\">ZARZ\u0104DZENIE KIEROWNIKA PODMIOTU LECZNICZEGO<\/a><a href=\"https:\/\/przychodniaslezak.pl\/boronow\/wp-content\/uploads\/sites\/2\/2024\/09\/ZARZ\u00a7DZENIE-KIEROWNIKA-PODMIOTU-LECZNICZEGO.pdf\" class=\"wp-block-file__button wp-element-button\" download aria-describedby=\"wp-block-file--media-3cfade36-3533-48c1-89db-be3624f56ffe\">Pobierz<\/a><\/div><div class=\"wp-block-file\"><a id=\"wp-block-file--media-bc842644-d07c-4ee6-8abe-f52973799e2a\" href=\"https:\/\/przychodniaslezak.pl\/boronow\/wp-content\/uploads\/sites\/2\/2024\/09\/Zasady-Maay-Pacjent.pdf\">Zasady Ma\u0142y Pacjent<\/a><a href=\"https:\/\/przychodniaslezak.pl\/boronow\/wp-content\/uploads\/sites\/2\/2024\/09\/Zasady-Maay-Pacjent.pdf\" class=\"wp-block-file__button wp-element-button\" download aria-describedby=\"wp-block-file--media-bc842644-d07c-4ee6-8abe-f52973799e2a\">Pobierz<\/a><\/div><div class=\"wp-block-file\"><a id=\"wp-block-file--media-35791c25-1dfa-40b1-8edc-d18b5c062f82\" href=\"https:\/\/przychodniaslezak.pl\/boronow\/wp-content\/uploads\/sites\/2\/2024\/09\/Informacje-telefon-dla-os\u00a2b-pokrzywdzonych-przest\u00a9pstwem.pdf\">Informacje telefon dla os\u00f3b pokrzywdzonych przest\u0119pstwem<\/a><a href=\"https:\/\/przychodniaslezak.pl\/boronow\/wp-content\/uploads\/sites\/2\/2024\/09\/Informacje-telefon-dla-os\u00a2b-pokrzywdzonych-przest\u00a9pstwem.pdf\" class=\"wp-block-file__button wp-element-button\" download aria-describedby=\"wp-block-file--media-35791c25-1dfa-40b1-8edc-d18b5c062f82\">Pobierz<\/a><\/div><div class=\"wp-block-file\"><a id=\"wp-block-file--media-fab820a0-7efc-4cb6-9d59-41478eff6801\" href=\"https:\/\/przychodniaslezak.pl\/boronow\/wp-content\/uploads\/sites\/2\/2024\/09\/Obowi\u2022zki-pacjenta.pdf\">Obowi\u0105zki pacjenta<\/a><a href=\"https:\/\/przychodniaslezak.pl\/boronow\/wp-content\/uploads\/sites\/2\/2024\/09\/Obowi\u2022zki-pacjenta.pdf\" class=\"wp-block-file__button wp-element-button\" download aria-describedby=\"wp-block-file--media-fab820a0-7efc-4cb6-9d59-41478eff6801\">Pobierz<\/a><\/div>","protected":false},"excerpt":{"rendered":"<p>Deklaracje POZ Osoby, kt\u00f3re pragn\u0105 zapisa\u0107 si\u0119 do: naszych lekarzy, piel\u0119gniarek \u015brodowiskowo \u2013 rodzinnych oraz&nbsp;po\u0142o\u017cnej, zobowi\u0105zani s\u0105&nbsp;do&nbsp;z\u0142o\u017cenia deklaracji. Linki do ich pobrania znajduj\u0105 si\u0119 poni\u017cej. Dokumenty Formalno-prawne<\/p>\n","protected":false},"author":1,"featured_media":0,"parent":0,"menu_order":0,"comment_status":"closed","ping_status":"closed","template":"","meta":{"footnotes":""},"class_list":["post-273","page","type-page","status-publish","hentry"],"_links":{"self":[{"href":"https:\/\/przychodniaslezak.pl\/boronow\/wp-json\/wp\/v2\/pages\/273","targetHints":{"allow":["GET"]}}],"collection":[{"href":"https:\/\/przychodniaslezak.pl\/boronow\/wp-json\/wp\/v2\/pages"}],"about":[{"href":"https:\/\/przychodniaslezak.pl\/boronow\/wp-json\/wp\/v2\/types\/page"}],"author":[{"embeddable":true,"href":"https:\/\/przychodniaslezak.pl\/boronow\/wp-json\/wp\/v2\/users\/1"}],"replies":[{"embeddable":true,"href":"https:\/\/przychodniaslezak.pl\/boronow\/wp-json\/wp\/v2\/comments?post=273"}],"version-history":[{"count":4,"href":"https:\/\/przychodniaslezak.pl\/boronow\/wp-json\/wp\/v2\/pages\/273\/revisions"}],"predecessor-version":[{"id":427,"href":"https:\/\/przychodniaslezak.pl\/boronow\/wp-json\/wp\/v2\/pages\/273\/revisions\/427"}],"wp:attachment":[{"href":"https:\/\/przychodniaslezak.pl\/boronow\/wp-json\/wp\/v2\/media?parent=273"}],"curies":[{"name":"wp","href":"https:\/\/api.w.org\/{rel}","templated":true}]}}